{"id":856,"date":"2020-08-01T18:07:19","date_gmt":"2020-08-01T16:07:19","guid":{"rendered":"https:\/\/wp.balletopera.com\/?page_id=856"},"modified":"2022-09-09T14:10:25","modified_gmt":"2022-09-09T12:10:25","slug":"matricula","status":"publish","type":"page","link":"https:\/\/balletopera.com\/index.php\/matricula\/","title":{"rendered":"Matr\u00edcula"},"content":{"rendered":"\t\t<div data-elementor-type=\"wp-page\" data-elementor-id=\"856\" class=\"elementor elementor-856\">\n\t\t\t\t\t\t<section class=\"elementor-section elementor-top-section elementor-element elementor-element-ed61eac elementor-section-boxed elementor-section-height-default elementor-section-height-default\" data-id=\"ed61eac\" data-element_type=\"section\" data-e-type=\"section\">\n\t\t\t\t\t\t<div class=\"elementor-container elementor-column-gap-default\">\n\t\t\t\t\t<div class=\"elementor-column elementor-col-100 elementor-top-column elementor-element elementor-element-306e86be\" data-id=\"306e86be\" data-element_type=\"column\" data-e-type=\"column\">\n\t\t\t<div class=\"elementor-widget-wrap elementor-element-populated\">\n\t\t\t\t\t\t<div class=\"elementor-element elementor-element-55bdc06 elementor-widget elementor-widget-heading\" data-id=\"55bdc06\" data-element_type=\"widget\" data-e-type=\"widget\" data-widget_type=\"heading.default\">\n\t\t\t\t<div class=\"elementor-widget-container\">\n\t\t\t\t\t<h2 class=\"elementor-heading-title elementor-size-default\">MATR\u00cdCULA  <\/h2>\t\t\t\t<\/div>\n\t\t\t\t<\/div>\n\t\t\t\t<div class=\"elementor-element elementor-element-af603aa elementor-widget elementor-widget-html\" data-id=\"af603aa\" data-element_type=\"widget\" data-e-type=\"widget\" data-widget_type=\"html.default\">\n\t\t\t\t<div class=\"elementor-widget-container\">\n\t\t\t\t\t<div class=\"donwload-div\" style=\"text-align: center; width: 100%;\">\n    <span class=\"has-inline-color\"  style=\"color: #bf0839; \"><b>MATR\u00cdCULA GENERAL <\/b><\/span>\n<a href=\"https:\/\/balletopera.com\/?smd_process_download=1&download_id=965\" class=\"sdm_download green\" title=\"Matr\u00edcula general\">pinchar aqu\u00ed<\/a>\n<\/div>\t\t\t\t<\/div>\n\t\t\t\t<\/div>\n\t\t\t\t<div class=\"elementor-element elementor-element-b9b3fc7 elementor-widget elementor-widget-html\" data-id=\"b9b3fc7\" data-element_type=\"widget\" data-e-type=\"widget\" data-widget_type=\"html.default\">\n\t\t\t\t<div class=\"elementor-widget-container\">\n\t\t\t\t\t<div class=\"donwload-div\" style=\"text-align: center; width: 100%;\">\n<span class=\"has-inline-color\"  style=\"color: #bf0839; width: 20%;\"><b>MATR\u00cdCULA ENSE\u00d1ANZAS ELEMENTALES<\/b><\/span>\n<a href=\"https:\/\/balletopera.com\/?smd_process_download=1&download_id=867\" class=\"sdm_download green\" title=\"Matr\u00edcula general\">pinchar aqu\u00ed<\/a>\n<\/div>\t\t\t\t<\/div>\n\t\t\t\t<\/div>\n\t\t\t\t\t<\/div>\n\t\t<\/div>\n\t\t\t\t\t<\/div>\n\t\t<\/section>\n\t\t\t\t<\/div>\n\t\t","protected":false},"excerpt":{"rendered":"<p>MATR\u00cdCULA MATR\u00cdCULA GENERAL pinchar aqu\u00ed MATR\u00cdCULA ENSE\u00d1ANZAS ELEMENTALES pinchar aqu\u00ed<\/p>\n","protected":false},"author":2,"featured_media":0,"parent":0,"menu_order":0,"comment_status":"closed","ping_status":"closed","template":"","meta":{"_joinchat":[],"footnotes":""},"class_list":["post-856","page","type-page","status-publish"],"_links":{"self":[{"href":"https:\/\/balletopera.com\/index.php\/wp-json\/wp\/v2\/pages\/856","targetHints":{"allow":["GET"]}}],"collection":[{"href":"https:\/\/balletopera.com\/index.php\/wp-json\/wp\/v2\/pages"}],"about":[{"href":"https:\/\/balletopera.com\/index.php\/wp-json\/wp\/v2\/types\/page"}],"author":[{"embeddable":true,"href":"https:\/\/balletopera.com\/index.php\/wp-json\/wp\/v2\/users\/2"}],"replies":[{"embeddable":true,"href":"https:\/\/balletopera.com\/index.php\/wp-json\/wp\/v2\/comments?post=856"}],"version-history":[{"count":30,"href":"https:\/\/balletopera.com\/index.php\/wp-json\/wp\/v2\/pages\/856\/revisions"}],"predecessor-version":[{"id":4821,"href":"https:\/\/balletopera.com\/index.php\/wp-json\/wp\/v2\/pages\/856\/revisions\/4821"}],"wp:attachment":[{"href":"https:\/\/balletopera.com\/index.php\/wp-json\/wp\/v2\/media?parent=856"}],"curies":[{"name":"wp","href":"https:\/\/api.w.org\/{rel}","templated":true}]}}