{"id":850,"date":"2020-08-01T17:08:36","date_gmt":"2020-08-01T15:08:36","guid":{"rendered":"https:\/\/wp.balletopera.com\/?page_id=850"},"modified":"2020-08-26T16:45:10","modified_gmt":"2020-08-26T14:45:10","slug":"horario-secretaria","status":"publish","type":"page","link":"https:\/\/balletopera.com\/index.php\/horario-secretaria\/","title":{"rendered":"Horario secretar\u00eda"},"content":{"rendered":"\t\t<div data-elementor-type=\"wp-page\" data-elementor-id=\"850\" class=\"elementor elementor-850\">\n\t\t\t\t\t\t<section class=\"elementor-section elementor-top-section elementor-element elementor-element-4d5902ca elementor-section-boxed elementor-section-height-default elementor-section-height-default\" data-id=\"4d5902ca\" data-element_type=\"section\" data-e-type=\"section\">\n\t\t\t\t\t\t<div class=\"elementor-container elementor-column-gap-default\">\n\t\t\t\t\t<div class=\"elementor-column elementor-col-100 elementor-top-column elementor-element elementor-element-59fe74c4\" data-id=\"59fe74c4\" data-element_type=\"column\" data-e-type=\"column\">\n\t\t\t<div class=\"elementor-widget-wrap elementor-element-populated\">\n\t\t\t\t\t\t<div class=\"elementor-element elementor-element-72082f58 elementor-widget elementor-widget-text-editor\" data-id=\"72082f58\" data-element_type=\"widget\" data-e-type=\"widget\" data-widget_type=\"text-editor.default\">\n\t\t\t\t<div class=\"elementor-widget-container\">\n\t\t\t\t\t\t\t\t\t<p><\/p>\n<div class=\"wp-block-group\"><div class=\"wp-block-group__inner-container\">\n<div class=\"wp-block-group__inner-container is-layout-flow wp-block-group-is-layout-flow\">\n<p><\/p>\n<p><span style=\"text-decoration: underline;\">Horario de atenci\u00f3n al p\u00fablico,\u00a0 secretar\u00eda &#8211; administraci\u00f3n <\/span><\/p>\n<p>De Septiembre a Junio:<\/p>\n<p><\/p>\n<p>Todos los d\u00edas de 17:30 a 21:30<\/p>\n<p>Tel\u00e9fono 96 238 74 64\u00a0 &#8211; 623352259<\/p>\n<p><\/p>\n<p>Email : centrodanza@balletopera.com<\/p>\n<p><\/p>\n<\/div>\n<\/div><\/div>\n<p><\/p>\t\t\t\t\t\t\t\t<\/div>\n\t\t\t\t<\/div>\n\t\t\t\t\t<\/div>\n\t\t<\/div>\n\t\t\t\t\t<\/div>\n\t\t<\/section>\n\t\t\t\t<\/div>\n\t\t","protected":false},"excerpt":{"rendered":"<p>Horario de atenci\u00f3n al p\u00fablico,\u00a0 secretar\u00eda &#8211; administraci\u00f3n De Septiembre a Junio: Todos los d\u00edas de 17:30 a 21:30 Tel\u00e9fono 96 238 74 64\u00a0 &#8211; 623352259 Email : centrodanza@balletopera.com<\/p>\n","protected":false},"author":2,"featured_media":0,"parent":0,"menu_order":0,"comment_status":"closed","ping_status":"closed","template":"","meta":{"_joinchat":[],"footnotes":""},"class_list":["post-850","page","type-page","status-publish"],"_links":{"self":[{"href":"https:\/\/balletopera.com\/index.php\/wp-json\/wp\/v2\/pages\/850","targetHints":{"allow":["GET"]}}],"collection":[{"href":"https:\/\/balletopera.com\/index.php\/wp-json\/wp\/v2\/pages"}],"about":[{"href":"https:\/\/balletopera.com\/index.php\/wp-json\/wp\/v2\/types\/page"}],"author":[{"embeddable":true,"href":"https:\/\/balletopera.com\/index.php\/wp-json\/wp\/v2\/users\/2"}],"replies":[{"embeddable":true,"href":"https:\/\/balletopera.com\/index.php\/wp-json\/wp\/v2\/comments?post=850"}],"version-history":[{"count":8,"href":"https:\/\/balletopera.com\/index.php\/wp-json\/wp\/v2\/pages\/850\/revisions"}],"predecessor-version":[{"id":1401,"href":"https:\/\/balletopera.com\/index.php\/wp-json\/wp\/v2\/pages\/850\/revisions\/1401"}],"wp:attachment":[{"href":"https:\/\/balletopera.com\/index.php\/wp-json\/wp\/v2\/media?parent=850"}],"curies":[{"name":"wp","href":"https:\/\/api.w.org\/{rel}","templated":true}]}}