{"id":38,"date":"2020-07-20T12:26:12","date_gmt":"2020-07-20T12:26:12","guid":{"rendered":"https:\/\/wp.balletopera.com\/?page_id=38"},"modified":"2026-04-22T13:29:55","modified_gmt":"2026-04-22T11:29:55","slug":"abracadabra","status":"publish","type":"page","link":"https:\/\/balletopera.com\/index.php\/abracadabra\/","title":{"rendered":"\u00abAbracadabra\u00bb"},"content":{"rendered":"\t\t<div data-elementor-type=\"wp-page\" data-elementor-id=\"38\" class=\"elementor elementor-38\">\n\t\t\t\t\t\t<section class=\"elementor-section elementor-top-section elementor-element elementor-element-c154fe9 elementor-section-boxed elementor-section-height-default elementor-section-height-default\" data-id=\"c154fe9\" data-element_type=\"section\" data-e-type=\"section\">\n\t\t\t\t\t\t<div class=\"elementor-container elementor-column-gap-default\">\n\t\t\t\t\t<div class=\"elementor-column elementor-col-100 elementor-top-column elementor-element elementor-element-d9cf5b9\" data-id=\"d9cf5b9\" data-element_type=\"column\" data-e-type=\"column\">\n\t\t\t<div class=\"elementor-widget-wrap elementor-element-populated\">\n\t\t\t\t\t\t<div class=\"elementor-element elementor-element-280028d elementor-widget elementor-widget-heading\" data-id=\"280028d\" data-element_type=\"widget\" data-e-type=\"widget\" data-widget_type=\"heading.default\">\n\t\t\t\t<div class=\"elementor-widget-container\">\n\t\t\t\t\t<h2 class=\"elementor-heading-title elementor-size-default\">\"Abracadabra\"<\/h2>\t\t\t\t<\/div>\n\t\t\t\t<\/div>\n\t\t\t\t<section class=\"elementor-section elementor-inner-section elementor-element elementor-element-52dcc8c elementor-section-boxed elementor-section-height-default elementor-section-height-default\" data-id=\"52dcc8c\" data-element_type=\"section\" data-e-type=\"section\">\n\t\t\t\t\t\t<div class=\"elementor-container elementor-column-gap-default\">\n\t\t\t\t\t<div class=\"elementor-column elementor-col-50 elementor-inner-column elementor-element elementor-element-775beec\" data-id=\"775beec\" data-element_type=\"column\" data-e-type=\"column\">\n\t\t\t<div class=\"elementor-widget-wrap elementor-element-populated\">\n\t\t\t\t\t\t<div class=\"elementor-element elementor-element-b6abb78 elementor-widget elementor-widget-text-editor\" data-id=\"b6abb78\" data-element_type=\"widget\" data-e-type=\"widget\" data-widget_type=\"text-editor.default\">\n\t\t\t\t<div class=\"elementor-widget-container\">\n\t\t\t\t\t\t\t\t\t<p><strong>\u00abAbracadabra\u00bb\u00a0 Un musical con Magia<\/strong><\/p><p>\u00a0\u00abAbracadabra\u00bb\u00a0 es una bonita y divertida\u00a0 historia\u00a0 para todos los p\u00fablicos donde se une el ilusionismo, el color y la sorpresa cobrando vida fen\u00f3menos extraordinarios, por medio del baile.<\/p><p>Un elenco formado por 22 bailarines ,de edades comprendidas entre los 9 y 24 a\u00f1os, sumergir\u00e1n al p\u00fablico en un mundo m\u00e1gico dejando un hueco para el humor y contando con la participaci\u00f3n del p\u00fablico infantil con juegos, canciones y por supuesto algo de magia.<\/p><p><strong>SINOPSIS\u00a0 DE \u201c ABRACADABRA\u201d<\/strong><\/p><p>La espera por la llegada del Gran Mago Crisp\u00edn\u00a0 sumerge\u00a0 al p\u00fablico en el mundo de la ilusi\u00f3n y la fantas\u00eda\u00a0 y les hace\u00a0 participes\u00a0 con juegos, canciones y por supuesto algo de magia.<\/p><p>Gui\u00f3n original del equipo \u00d3pera. Realizado por el Joven Ballet \u00d3pera<\/p>\t\t\t\t\t\t\t\t<\/div>\n\t\t\t\t<\/div>\n\t\t\t\t\t<\/div>\n\t\t<\/div>\n\t\t\t\t<div class=\"elementor-column elementor-col-50 elementor-inner-column elementor-element elementor-element-1118446\" data-id=\"1118446\" data-element_type=\"column\" data-e-type=\"column\">\n\t\t\t<div class=\"elementor-widget-wrap elementor-element-populated\">\n\t\t\t\t\t\t<div class=\"elementor-element elementor-element-5559164 elementor-widget elementor-widget-image-gallery\" data-id=\"5559164\" data-element_type=\"widget\" data-e-type=\"widget\" data-widget_type=\"image-gallery.default\">\n\t\t\t\t<div class=\"elementor-widget-container\">\n\t\t\t\t\t\t\t<div class=\"elementor-image-gallery\">\n\t\t\t<div id='gallery-1' class='gallery galleryid-38 gallery-columns-2 gallery-size-medium_large'><figure class='gallery-item'>\n\t\t\t<div class='gallery-icon landscape'>\n\t\t\t\t<a data-elementor-open-lightbox=\"yes\" data-elementor-lightbox-slideshow=\"5559164\" data-elementor-lightbox-title=\"Auto2\" data-e-action-hash=\"#elementor-action%3Aaction%3Dlightbox%26settings%3DeyJpZCI6MTg4LCJ1cmwiOiJodHRwczpcL1wvYmFsbGV0b3BlcmEuY29tXC93cC1jb250ZW50XC91cGxvYWRzXC8yMDIwXC8wN1wvQXV0bzIuanBnIiwic2xpZGVzaG93IjoiNTU1OTE2NCJ9\" href='https:\/\/balletopera.com\/wp-content\/uploads\/2020\/07\/Auto2.jpg'><img fetchpriority=\"high\" decoding=\"async\" width=\"768\" height=\"600\" src=\"https:\/\/balletopera.com\/wp-content\/uploads\/2020\/07\/Auto2-768x600.jpg\" class=\"attachment-medium_large size-medium_large\" alt=\"\" srcset=\"https:\/\/balletopera.com\/wp-content\/uploads\/2020\/07\/Auto2-768x600.jpg 768w, https:\/\/balletopera.com\/wp-content\/uploads\/2020\/07\/Auto2-300x234.jpg 300w, https:\/\/balletopera.com\/wp-content\/uploads\/2020\/07\/Auto2.jpg 960w\" sizes=\"(max-width: 768px) 100vw, 768px\" \/><\/a>\n\t\t\t<\/div><\/figure><figure class='gallery-item'>\n\t\t\t<div class='gallery-icon landscape'>\n\t\t\t\t<a data-elementor-open-lightbox=\"yes\" data-elementor-lightbox-slideshow=\"5559164\" data-elementor-lightbox-title=\"Bella8\" data-e-action-hash=\"#elementor-action%3Aaction%3Dlightbox%26settings%3DeyJpZCI6MTk5LCJ1cmwiOiJodHRwczpcL1wvYmFsbGV0b3BlcmEuY29tXC93cC1jb250ZW50XC91cGxvYWRzXC8yMDIwXC8wN1wvQmVsbGE4LmpwZyIsInNsaWRlc2hvdyI6IjU1NTkxNjQifQ%3D%3D\" href='https:\/\/balletopera.com\/wp-content\/uploads\/2020\/07\/Bella8.jpg'><img decoding=\"async\" width=\"768\" height=\"609\" src=\"https:\/\/balletopera.com\/wp-content\/uploads\/2020\/07\/Bella8-768x609.jpg\" class=\"attachment-medium_large size-medium_large\" alt=\"\" srcset=\"https:\/\/balletopera.com\/wp-content\/uploads\/2020\/07\/Bella8-768x609.jpg 768w, https:\/\/balletopera.com\/wp-content\/uploads\/2020\/07\/Bella8-300x238.jpg 300w, https:\/\/balletopera.com\/wp-content\/uploads\/2020\/07\/Bella8.jpg 960w\" sizes=\"(max-width: 768px) 100vw, 768px\" \/><\/a>\n\t\t\t<\/div><\/figure><figure class='gallery-item'>\n\t\t\t<div class='gallery-icon landscape'>\n\t\t\t\t<a data-elementor-open-lightbox=\"yes\" data-elementor-lightbox-slideshow=\"5559164\" data-elementor-lightbox-title=\"inicio\" data-e-action-hash=\"#elementor-action%3Aaction%3Dlightbox%26settings%3DeyJpZCI6MTA4MSwidXJsIjoiaHR0cHM6XC9cL2JhbGxldG9wZXJhLmNvbVwvd3AtY29udGVudFwvdXBsb2Fkc1wvMjAyMFwvMDhcL2luaWNpby5qcGciLCJzbGlkZXNob3ciOiI1NTU5MTY0In0%3D\" href='https:\/\/balletopera.com\/wp-content\/uploads\/2020\/08\/inicio.jpg'><img decoding=\"async\" width=\"768\" height=\"600\" src=\"https:\/\/balletopera.com\/wp-content\/uploads\/2020\/08\/inicio-768x600.jpg\" class=\"attachment-medium_large size-medium_large\" alt=\"\" srcset=\"https:\/\/balletopera.com\/wp-content\/uploads\/2020\/08\/inicio-768x600.jpg 768w, https:\/\/balletopera.com\/wp-content\/uploads\/2020\/08\/inicio-300x234.jpg 300w, https:\/\/balletopera.com\/wp-content\/uploads\/2020\/08\/inicio.jpg 960w\" sizes=\"(max-width: 768px) 100vw, 768px\" \/><\/a>\n\t\t\t<\/div><\/figure><figure class='gallery-item'>\n\t\t\t<div class='gallery-icon landscape'>\n\t\t\t\t<a data-elementor-open-lightbox=\"yes\" data-elementor-lightbox-slideshow=\"5559164\" data-elementor-lightbox-title=\"rey leon 2\" data-e-action-hash=\"#elementor-action%3Aaction%3Dlightbox%26settings%3DeyJpZCI6MTA4MiwidXJsIjoiaHR0cHM6XC9cL2JhbGxldG9wZXJhLmNvbVwvd3AtY29udGVudFwvdXBsb2Fkc1wvMjAyMFwvMDhcL3JleS1sZW9uLTIuanBnIiwic2xpZGVzaG93IjoiNTU1OTE2NCJ9\" href='https:\/\/balletopera.com\/wp-content\/uploads\/2020\/08\/rey-leon-2.jpg'><img loading=\"lazy\" decoding=\"async\" width=\"768\" height=\"600\" src=\"https:\/\/balletopera.com\/wp-content\/uploads\/2020\/08\/rey-leon-2-768x600.jpg\" class=\"attachment-medium_large size-medium_large\" alt=\"\" srcset=\"https:\/\/balletopera.com\/wp-content\/uploads\/2020\/08\/rey-leon-2-768x600.jpg 768w, https:\/\/balletopera.com\/wp-content\/uploads\/2020\/08\/rey-leon-2-300x234.jpg 300w, https:\/\/balletopera.com\/wp-content\/uploads\/2020\/08\/rey-leon-2.jpg 960w\" sizes=\"(max-width: 768px) 100vw, 768px\" \/><\/a>\n\t\t\t<\/div><\/figure>\n\t\t<\/div>\n\t\t<\/div>\n\t\t\t\t\t\t<\/div>\n\t\t\t\t<\/div>\n\t\t\t\t\t<\/div>\n\t\t<\/div>\n\t\t\t\t\t<\/div>\n\t\t<\/section>\n\t\t\t\t<div class=\"elementor-element elementor-element-8458165 elementor-widget elementor-widget-video\" data-id=\"8458165\" data-element_type=\"widget\" data-e-type=\"widget\" data-settings=\"{&quot;youtube_url&quot;:&quot;https:\\\/\\\/www.youtube.com\\\/watch?v=kgZCPop2g3k&quot;,&quot;video_type&quot;:&quot;youtube&quot;,&quot;controls&quot;:&quot;yes&quot;}\" data-widget_type=\"video.default\">\n\t\t\t\t<div class=\"elementor-widget-container\">\n\t\t\t\t\t\t\t<div class=\"elementor-wrapper elementor-open-inline\">\n\t\t\t<div class=\"elementor-video\"><\/div>\t\t<\/div>\n\t\t\t\t\t\t<\/div>\n\t\t\t\t<\/div>\n\t\t\t\t<div class=\"elementor-element elementor-element-2ad287e elementor-widget elementor-widget-video\" data-id=\"2ad287e\" data-element_type=\"widget\" data-e-type=\"widget\" data-settings=\"{&quot;youtube_url&quot;:&quot;https:\\\/\\\/www.youtube.com\\\/watch?v=RWiHtZmJEeQ&amp;t=522s&quot;,&quot;video_type&quot;:&quot;youtube&quot;,&quot;controls&quot;:&quot;yes&quot;}\" data-widget_type=\"video.default\">\n\t\t\t\t<div class=\"elementor-widget-container\">\n\t\t\t\t\t\t\t<div class=\"elementor-wrapper elementor-open-inline\">\n\t\t\t<div class=\"elementor-video\"><\/div>\t\t<\/div>\n\t\t\t\t\t\t<\/div>\n\t\t\t\t<\/div>\n\t\t\t\t\t<\/div>\n\t\t<\/div>\n\t\t\t\t\t<\/div>\n\t\t<\/section>\n\t\t\t\t<\/div>\n\t\t","protected":false},"excerpt":{"rendered":"<p>\u00abAbracadabra\u00bb \u00abAbracadabra\u00bb\u00a0 Un musical con Magia \u00a0\u00abAbracadabra\u00bb\u00a0 es una bonita y divertida\u00a0 historia\u00a0 para todos los p\u00fablicos donde se une el ilusionismo, el color y la sorpresa cobrando vida fen\u00f3menos extraordinarios, por medio del baile. Un elenco formado por 22 bailarines ,de edades comprendidas entre los 9 y 24 a\u00f1os, sumergir\u00e1n al p\u00fablico en un &#8230; <a title=\"\u00abAbracadabra\u00bb\" class=\"read-more\" href=\"https:\/\/balletopera.com\/index.php\/abracadabra\/\">Leer&#8230;<\/a><\/p>\n","protected":false},"author":1,"featured_media":0,"parent":0,"menu_order":0,"comment_status":"closed","ping_status":"closed","template":"","meta":{"_joinchat":[],"footnotes":""},"class_list":["post-38","page","type-page","status-publish"],"_links":{"self":[{"href":"https:\/\/balletopera.com\/index.php\/wp-json\/wp\/v2\/pages\/38","targetHints":{"allow":["GET"]}}],"collection":[{"href":"https:\/\/balletopera.com\/index.php\/wp-json\/wp\/v2\/pages"}],"about":[{"href":"https:\/\/balletopera.com\/index.php\/wp-json\/wp\/v2\/types\/page"}],"author":[{"embeddable":true,"href":"https:\/\/balletopera.com\/index.php\/wp-json\/wp\/v2\/users\/1"}],"replies":[{"embeddable":true,"href":"https:\/\/balletopera.com\/index.php\/wp-json\/wp\/v2\/comments?post=38"}],"version-history":[{"count":15,"href":"https:\/\/balletopera.com\/index.php\/wp-json\/wp\/v2\/pages\/38\/revisions"}],"predecessor-version":[{"id":6136,"href":"https:\/\/balletopera.com\/index.php\/wp-json\/wp\/v2\/pages\/38\/revisions\/6136"}],"wp:attachment":[{"href":"https:\/\/balletopera.com\/index.php\/wp-json\/wp\/v2\/media?parent=38"}],"curies":[{"name":"wp","href":"https:\/\/api.w.org\/{rel}","templated":true}]}}