{"id":37,"date":"2020-07-20T12:26:12","date_gmt":"2020-07-20T12:26:12","guid":{"rendered":"https:\/\/wp.balletopera.com\/?page_id=37"},"modified":"2020-08-18T12:05:13","modified_gmt":"2020-08-18T10:05:13","slug":"kalina-i-els-seus-amics","status":"publish","type":"page","link":"https:\/\/balletopera.com\/index.php\/kalina-i-els-seus-amics\/","title":{"rendered":"\u00abKalina i els seus amics\u00bb"},"content":{"rendered":"\t\t<div data-elementor-type=\"wp-page\" data-elementor-id=\"37\" class=\"elementor elementor-37\">\n\t\t\t\t\t\t<section class=\"elementor-section elementor-top-section elementor-element elementor-element-0a765c0 elementor-section-boxed elementor-section-height-default elementor-section-height-default\" data-id=\"0a765c0\" data-element_type=\"section\" data-e-type=\"section\">\n\t\t\t\t\t\t<div class=\"elementor-container elementor-column-gap-default\">\n\t\t\t\t\t<div class=\"elementor-column elementor-col-100 elementor-top-column elementor-element elementor-element-c5791f7\" data-id=\"c5791f7\" data-element_type=\"column\" data-e-type=\"column\">\n\t\t\t<div class=\"elementor-widget-wrap elementor-element-populated\">\n\t\t\t\t\t\t<div class=\"elementor-element elementor-element-b050f30 elementor-widget elementor-widget-heading\" data-id=\"b050f30\" data-element_type=\"widget\" data-e-type=\"widget\" data-widget_type=\"heading.default\">\n\t\t\t\t<div class=\"elementor-widget-container\">\n\t\t\t\t\t<h2 class=\"elementor-heading-title elementor-size-default\">\"Kalina i els seus amics\",  espect\u00e1culo infantil <\/h2>\t\t\t\t<\/div>\n\t\t\t\t<\/div>\n\t\t\t\t<section class=\"elementor-section elementor-inner-section elementor-element elementor-element-69b5027 elementor-section-boxed elementor-section-height-default elementor-section-height-default\" data-id=\"69b5027\" data-element_type=\"section\" data-e-type=\"section\">\n\t\t\t\t\t\t<div class=\"elementor-container elementor-column-gap-default\">\n\t\t\t\t\t<div class=\"elementor-column elementor-col-50 elementor-inner-column elementor-element elementor-element-c8e157f\" data-id=\"c8e157f\" data-element_type=\"column\" data-e-type=\"column\">\n\t\t\t<div class=\"elementor-widget-wrap elementor-element-populated\">\n\t\t\t\t\t\t<div class=\"elementor-element elementor-element-77ca4be elementor-widget elementor-widget-text-editor\" data-id=\"77ca4be\" data-element_type=\"widget\" data-e-type=\"widget\" data-widget_type=\"text-editor.default\">\n\t\t\t\t<div class=\"elementor-widget-container\">\n\t\t\t\t\t\t\t\t\t<p>Esta obra es un homenaje a la amistad y la danza &nbsp;y en ella se &nbsp;hilvana una entretenida historia, promoviendo fundamentalmente la amistad&nbsp; por medio de&nbsp; la danza ,.<\/p><p>La historia gira en torno a una preciosa ninfa que pierde su varita m\u00e1gica. En su b\u00fasqueda encuentra un sin fin de amigos que intentar\u00e1n ayudarle a encontrarla. Divertida, entretenida y muy muy alegre! .<\/p>\n<p>Gui\u00f3n original del equipo \u00d3pera. Realizado por Nova Dansa \u00d3pera.<\/p>\t\t\t\t\t\t\t\t<\/div>\n\t\t\t\t<\/div>\n\t\t\t\t\t<\/div>\n\t\t<\/div>\n\t\t\t\t<div class=\"elementor-column elementor-col-50 elementor-inner-column elementor-element elementor-element-d25860e\" data-id=\"d25860e\" data-element_type=\"column\" data-e-type=\"column\">\n\t\t\t<div class=\"elementor-widget-wrap elementor-element-populated\">\n\t\t\t\t\t\t<div class=\"elementor-element elementor-element-7ab2a9c elementor-widget elementor-widget-image-gallery\" data-id=\"7ab2a9c\" data-element_type=\"widget\" data-e-type=\"widget\" data-widget_type=\"image-gallery.default\">\n\t\t\t\t<div class=\"elementor-widget-container\">\n\t\t\t\t\t\t\t<div class=\"elementor-image-gallery\">\n\t\t\t<div id='gallery-1' class='gallery galleryid-37 gallery-columns-2 gallery-size-large'><figure class='gallery-item'>\n\t\t\t<div class='gallery-icon landscape'>\n\t\t\t\t<a data-elementor-open-lightbox=\"yes\" data-elementor-lightbox-slideshow=\"7ab2a9c\" data-elementor-lightbox-title=\"POCAHONTAS1\" data-e-action-hash=\"#elementor-action%3Aaction%3Dlightbox%26settings%3DeyJpZCI6Mzg3LCJ1cmwiOiJodHRwczpcL1wvYmFsbGV0b3BlcmEuY29tXC93cC1jb250ZW50XC91cGxvYWRzXC8yMDIwXC8wN1wvUE9DQUhPTlRBUzEuanBnIiwic2xpZGVzaG93IjoiN2FiMmE5YyJ9\" href='https:\/\/balletopera.com\/wp-content\/uploads\/2020\/07\/POCAHONTAS1.jpg'><img fetchpriority=\"high\" decoding=\"async\" width=\"960\" height=\"661\" src=\"https:\/\/balletopera.com\/wp-content\/uploads\/2020\/07\/POCAHONTAS1.jpg\" class=\"attachment-large size-large\" alt=\"\" srcset=\"https:\/\/balletopera.com\/wp-content\/uploads\/2020\/07\/POCAHONTAS1.jpg 960w, https:\/\/balletopera.com\/wp-content\/uploads\/2020\/07\/POCAHONTAS1-300x207.jpg 300w, https:\/\/balletopera.com\/wp-content\/uploads\/2020\/07\/POCAHONTAS1-768x529.jpg 768w\" sizes=\"(max-width: 960px) 100vw, 960px\" \/><\/a>\n\t\t\t<\/div><\/figure><figure class='gallery-item'>\n\t\t\t<div class='gallery-icon landscape'>\n\t\t\t\t<a data-elementor-open-lightbox=\"yes\" data-elementor-lightbox-slideshow=\"7ab2a9c\" data-elementor-lightbox-title=\"CAMPANILLA\" data-e-action-hash=\"#elementor-action%3Aaction%3Dlightbox%26settings%3DeyJpZCI6MTA3NywidXJsIjoiaHR0cHM6XC9cL2JhbGxldG9wZXJhLmNvbVwvd3AtY29udGVudFwvdXBsb2Fkc1wvMjAyMFwvMDhcL0NBTVBBTklMTEEuanBnIiwic2xpZGVzaG93IjoiN2FiMmE5YyJ9\" href='https:\/\/balletopera.com\/wp-content\/uploads\/2020\/08\/CAMPANILLA.jpg'><img decoding=\"async\" width=\"960\" height=\"661\" src=\"https:\/\/balletopera.com\/wp-content\/uploads\/2020\/08\/CAMPANILLA.jpg\" class=\"attachment-large size-large\" alt=\"\" srcset=\"https:\/\/balletopera.com\/wp-content\/uploads\/2020\/08\/CAMPANILLA.jpg 960w, https:\/\/balletopera.com\/wp-content\/uploads\/2020\/08\/CAMPANILLA-300x207.jpg 300w, https:\/\/balletopera.com\/wp-content\/uploads\/2020\/08\/CAMPANILLA-768x529.jpg 768w\" sizes=\"(max-width: 960px) 100vw, 960px\" \/><\/a>\n\t\t\t<\/div><\/figure><figure class='gallery-item'>\n\t\t\t<div class='gallery-icon landscape'>\n\t\t\t\t<a data-elementor-open-lightbox=\"yes\" data-elementor-lightbox-slideshow=\"7ab2a9c\" data-elementor-lightbox-title=\"Final\" data-e-action-hash=\"#elementor-action%3Aaction%3Dlightbox%26settings%3DeyJpZCI6MTA3OCwidXJsIjoiaHR0cHM6XC9cL2JhbGxldG9wZXJhLmNvbVwvd3AtY29udGVudFwvdXBsb2Fkc1wvMjAyMFwvMDhcL0ZpbmFsLmpwZyIsInNsaWRlc2hvdyI6IjdhYjJhOWMifQ%3D%3D\" href='https:\/\/balletopera.com\/wp-content\/uploads\/2020\/08\/Final.jpg'><img decoding=\"async\" width=\"960\" height=\"661\" src=\"https:\/\/balletopera.com\/wp-content\/uploads\/2020\/08\/Final.jpg\" class=\"attachment-large size-large\" alt=\"\" srcset=\"https:\/\/balletopera.com\/wp-content\/uploads\/2020\/08\/Final.jpg 960w, https:\/\/balletopera.com\/wp-content\/uploads\/2020\/08\/Final-300x207.jpg 300w, https:\/\/balletopera.com\/wp-content\/uploads\/2020\/08\/Final-768x529.jpg 768w\" sizes=\"(max-width: 960px) 100vw, 960px\" \/><\/a>\n\t\t\t<\/div><\/figure><figure class='gallery-item'>\n\t\t\t<div class='gallery-icon landscape'>\n\t\t\t\t<a data-elementor-open-lightbox=\"yes\" data-elementor-lightbox-slideshow=\"7ab2a9c\" data-elementor-lightbox-title=\"HSM 2\" data-e-action-hash=\"#elementor-action%3Aaction%3Dlightbox%26settings%3DeyJpZCI6MTA3OSwidXJsIjoiaHR0cHM6XC9cL2JhbGxldG9wZXJhLmNvbVwvd3AtY29udGVudFwvdXBsb2Fkc1wvMjAyMFwvMDhcL0hTTS0yLmpwZyIsInNsaWRlc2hvdyI6IjdhYjJhOWMifQ%3D%3D\" href='https:\/\/balletopera.com\/wp-content\/uploads\/2020\/08\/HSM-2.jpg'><img loading=\"lazy\" decoding=\"async\" width=\"960\" height=\"661\" src=\"https:\/\/balletopera.com\/wp-content\/uploads\/2020\/08\/HSM-2.jpg\" class=\"attachment-large size-large\" alt=\"\" srcset=\"https:\/\/balletopera.com\/wp-content\/uploads\/2020\/08\/HSM-2.jpg 960w, https:\/\/balletopera.com\/wp-content\/uploads\/2020\/08\/HSM-2-300x207.jpg 300w, https:\/\/balletopera.com\/wp-content\/uploads\/2020\/08\/HSM-2-768x529.jpg 768w\" sizes=\"(max-width: 960px) 100vw, 960px\" \/><\/a>\n\t\t\t<\/div><\/figure>\n\t\t<\/div>\n\t\t<\/div>\n\t\t\t\t\t\t<\/div>\n\t\t\t\t<\/div>\n\t\t\t\t\t<\/div>\n\t\t<\/div>\n\t\t\t\t\t<\/div>\n\t\t<\/section>\n\t\t\t\t<div class=\"elementor-element elementor-element-968f33f elementor-widget elementor-widget-video\" data-id=\"968f33f\" data-element_type=\"widget\" data-e-type=\"widget\" data-settings=\"{&quot;youtube_url&quot;:&quot;https:\\\/\\\/www.youtube.com\\\/watch?v=9ht7lYi2G-k&quot;,&quot;video_type&quot;:&quot;youtube&quot;,&quot;controls&quot;:&quot;yes&quot;}\" data-widget_type=\"video.default\">\n\t\t\t\t<div class=\"elementor-widget-container\">\n\t\t\t\t\t\t\t<div class=\"elementor-wrapper elementor-open-inline\">\n\t\t\t<div class=\"elementor-video\"><\/div>\t\t<\/div>\n\t\t\t\t\t\t<\/div>\n\t\t\t\t<\/div>\n\t\t\t\t\t<\/div>\n\t\t<\/div>\n\t\t\t\t\t<\/div>\n\t\t<\/section>\n\t\t\t\t<\/div>\n\t\t","protected":false},"excerpt":{"rendered":"<p>\u00abKalina i els seus amics\u00bb, espect\u00e1culo infantil Esta obra es un homenaje a la amistad y la danza &nbsp;y en ella se &nbsp;hilvana una entretenida historia, promoviendo fundamentalmente la amistad&nbsp; por medio de&nbsp; la danza ,. La historia gira en torno a una preciosa ninfa que pierde su varita m\u00e1gica. En su b\u00fasqueda encuentra un &#8230; <a title=\"\u00abKalina i els seus amics\u00bb\" class=\"read-more\" href=\"https:\/\/balletopera.com\/index.php\/kalina-i-els-seus-amics\/\">Leer&#8230;<\/a><\/p>\n","protected":false},"author":1,"featured_media":0,"parent":0,"menu_order":0,"comment_status":"closed","ping_status":"closed","template":"","meta":{"_joinchat":[],"footnotes":""},"class_list":["post-37","page","type-page","status-publish"],"_links":{"self":[{"href":"https:\/\/balletopera.com\/index.php\/wp-json\/wp\/v2\/pages\/37","targetHints":{"allow":["GET"]}}],"collection":[{"href":"https:\/\/balletopera.com\/index.php\/wp-json\/wp\/v2\/pages"}],"about":[{"href":"https:\/\/balletopera.com\/index.php\/wp-json\/wp\/v2\/types\/page"}],"author":[{"embeddable":true,"href":"https:\/\/balletopera.com\/index.php\/wp-json\/wp\/v2\/users\/1"}],"replies":[{"embeddable":true,"href":"https:\/\/balletopera.com\/index.php\/wp-json\/wp\/v2\/comments?post=37"}],"version-history":[{"count":12,"href":"https:\/\/balletopera.com\/index.php\/wp-json\/wp\/v2\/pages\/37\/revisions"}],"predecessor-version":[{"id":1128,"href":"https:\/\/balletopera.com\/index.php\/wp-json\/wp\/v2\/pages\/37\/revisions\/1128"}],"wp:attachment":[{"href":"https:\/\/balletopera.com\/index.php\/wp-json\/wp\/v2\/media?parent=37"}],"curies":[{"name":"wp","href":"https:\/\/api.w.org\/{rel}","templated":true}]}}