{"id":33,"date":"2020-07-20T12:26:12","date_gmt":"2020-07-20T12:26:12","guid":{"rendered":"https:\/\/wp.balletopera.com\/?page_id=33"},"modified":"2020-08-11T17:00:11","modified_gmt":"2020-08-11T15:00:11","slug":"viu-el-musical","status":"publish","type":"page","link":"https:\/\/balletopera.com\/index.php\/viu-el-musical\/","title":{"rendered":"\u00abViu el musical\u00bb"},"content":{"rendered":"\t\t<div data-elementor-type=\"wp-page\" data-elementor-id=\"33\" class=\"elementor elementor-33\">\n\t\t\t\t\t\t<section class=\"elementor-section elementor-top-section elementor-element elementor-element-2e94403 elementor-section-boxed elementor-section-height-default elementor-section-height-default\" data-id=\"2e94403\" data-element_type=\"section\" data-e-type=\"section\">\n\t\t\t\t\t\t<div class=\"elementor-container elementor-column-gap-default\">\n\t\t\t\t\t<div class=\"elementor-column elementor-col-100 elementor-top-column elementor-element elementor-element-a7eed76\" data-id=\"a7eed76\" data-element_type=\"column\" data-e-type=\"column\">\n\t\t\t<div class=\"elementor-widget-wrap elementor-element-populated\">\n\t\t\t\t\t\t<div class=\"elementor-element elementor-element-b49ae4f elementor-widget elementor-widget-heading\" data-id=\"b49ae4f\" data-element_type=\"widget\" data-e-type=\"widget\" data-widget_type=\"heading.default\">\n\t\t\t\t<div class=\"elementor-widget-container\">\n\t\t\t\t\t<h2 class=\"elementor-heading-title elementor-size-default\">VIU EL MUSICAL<\/h2>\t\t\t\t<\/div>\n\t\t\t\t<\/div>\n\t\t\t\t<section class=\"elementor-section elementor-inner-section elementor-element elementor-element-8b808bd elementor-section-boxed elementor-section-height-default elementor-section-height-default\" data-id=\"8b808bd\" data-element_type=\"section\" data-e-type=\"section\">\n\t\t\t\t\t\t<div class=\"elementor-container elementor-column-gap-default\">\n\t\t\t\t\t<div class=\"elementor-column elementor-col-50 elementor-inner-column elementor-element elementor-element-84cd7d6\" data-id=\"84cd7d6\" data-element_type=\"column\" data-e-type=\"column\">\n\t\t\t<div class=\"elementor-widget-wrap elementor-element-populated\">\n\t\t\t\t\t\t<div class=\"elementor-element elementor-element-ae85975 elementor-widget elementor-widget-text-editor\" data-id=\"ae85975\" data-element_type=\"widget\" data-e-type=\"widget\" data-widget_type=\"text-editor.default\">\n\t\t\t\t<div class=\"elementor-widget-container\">\n\t\t\t\t\t\t\t\t\t<p>\u00abVIU EL MUSICAL\u00bb \u00a0es un espect\u00e1culo vivo, divertido para todos los p\u00fablicos, que hace un recorrido por los principales musicales de nuestra \u00e9poca con una cuidada puesta en escena.\u00a0<\/p><p>Sobre el escenario los \u00a0bailarines consiguen una conexi\u00f3n total con el espectador haci\u00e9ndolos vibrar con todas las conocidas piezas interpretadas.<\/p><p>Abba , Cats, Chicago, Grease, Hair Spray , etc , piezas de toda la vida para un p\u00fablico actual.<\/p>\t\t\t\t\t\t\t\t<\/div>\n\t\t\t\t<\/div>\n\t\t\t\t\t<\/div>\n\t\t<\/div>\n\t\t\t\t<div class=\"elementor-column elementor-col-50 elementor-inner-column elementor-element elementor-element-83a4651\" data-id=\"83a4651\" data-element_type=\"column\" data-e-type=\"column\">\n\t\t\t<div class=\"elementor-widget-wrap elementor-element-populated\">\n\t\t\t\t\t\t<div class=\"elementor-element elementor-element-866fb7d elementor-widget elementor-widget-image-gallery\" data-id=\"866fb7d\" data-element_type=\"widget\" data-e-type=\"widget\" data-settings=\"{&quot;_animation&quot;:&quot;none&quot;}\" data-widget_type=\"image-gallery.default\">\n\t\t\t\t<div class=\"elementor-widget-container\">\n\t\t\t\t\t\t\t<div class=\"elementor-image-gallery\">\n\t\t\t<div id='gallery-1' class='gallery galleryid-33 gallery-columns-2 gallery-size-large'><figure class='gallery-item'>\n\t\t\t<div class='gallery-icon landscape'>\n\t\t\t\t<a data-elementor-open-lightbox=\"yes\" data-elementor-lightbox-slideshow=\"866fb7d\" data-elementor-lightbox-title=\"KONICA MINOLTA DIGITAL CAMERA\" data-e-action-hash=\"#elementor-action%3Aaction%3Dlightbox%26settings%3DeyJpZCI6MTcxLCJ1cmwiOiJodHRwczpcL1wvYmFsbGV0b3BlcmEuY29tXC93cC1jb250ZW50XC91cGxvYWRzXC8yMDIwXC8wN1wvYWJiYS5qcGciLCJzbGlkZXNob3ciOiI4NjZmYjdkIn0%3D\" href='https:\/\/balletopera.com\/wp-content\/uploads\/2020\/07\/abba.jpg'><img fetchpriority=\"high\" decoding=\"async\" width=\"489\" height=\"325\" src=\"https:\/\/balletopera.com\/wp-content\/uploads\/2020\/07\/abba.jpg\" class=\"attachment-large size-large\" alt=\"\" srcset=\"https:\/\/balletopera.com\/wp-content\/uploads\/2020\/07\/abba.jpg 489w, https:\/\/balletopera.com\/wp-content\/uploads\/2020\/07\/abba-300x199.jpg 300w\" sizes=\"(max-width: 489px) 100vw, 489px\" \/><\/a>\n\t\t\t<\/div><\/figure><figure class='gallery-item'>\n\t\t\t<div class='gallery-icon landscape'>\n\t\t\t\t<a data-elementor-open-lightbox=\"yes\" data-elementor-lightbox-slideshow=\"866fb7d\" data-elementor-lightbox-title=\"Fotoflash\" data-e-action-hash=\"#elementor-action%3Aaction%3Dlightbox%26settings%3DeyJpZCI6Mjg1LCJ1cmwiOiJodHRwczpcL1wvYmFsbGV0b3BlcmEuY29tXC93cC1jb250ZW50XC91cGxvYWRzXC8yMDIwXC8wN1wvRm90b2ZsYXNoLmpwZyIsInNsaWRlc2hvdyI6Ijg2NmZiN2QifQ%3D%3D\" href='https:\/\/balletopera.com\/wp-content\/uploads\/2020\/07\/Fotoflash.jpg'><img decoding=\"async\" width=\"600\" height=\"409\" src=\"https:\/\/balletopera.com\/wp-content\/uploads\/2020\/07\/Fotoflash.jpg\" class=\"attachment-large size-large\" alt=\"\" srcset=\"https:\/\/balletopera.com\/wp-content\/uploads\/2020\/07\/Fotoflash.jpg 600w, https:\/\/balletopera.com\/wp-content\/uploads\/2020\/07\/Fotoflash-300x205.jpg 300w\" sizes=\"(max-width: 600px) 100vw, 600px\" \/><\/a>\n\t\t\t<\/div><\/figure><figure class='gallery-item'>\n\t\t\t<div class='gallery-icon landscape'>\n\t\t\t\t<a data-elementor-open-lightbox=\"yes\" data-elementor-lightbox-slideshow=\"866fb7d\" data-elementor-lightbox-title=\"KONICA MINOLTA DIGITAL CAMERA\" data-e-action-hash=\"#elementor-action%3Aaction%3Dlightbox%26settings%3DeyJpZCI6MjkzLCJ1cmwiOiJodHRwczpcL1wvYmFsbGV0b3BlcmEuY29tXC93cC1jb250ZW50XC91cGxvYWRzXC8yMDIwXC8wN1wvR3JlYXNlMS5qcGciLCJzbGlkZXNob3ciOiI4NjZmYjdkIn0%3D\" href='https:\/\/balletopera.com\/wp-content\/uploads\/2020\/07\/Grease1.jpg'><img decoding=\"async\" width=\"640\" height=\"426\" src=\"https:\/\/balletopera.com\/wp-content\/uploads\/2020\/07\/Grease1.jpg\" class=\"attachment-large size-large\" alt=\"\" srcset=\"https:\/\/balletopera.com\/wp-content\/uploads\/2020\/07\/Grease1.jpg 640w, https:\/\/balletopera.com\/wp-content\/uploads\/2020\/07\/Grease1-300x200.jpg 300w\" sizes=\"(max-width: 640px) 100vw, 640px\" \/><\/a>\n\t\t\t<\/div><\/figure><figure class='gallery-item'>\n\t\t\t<div class='gallery-icon landscape'>\n\t\t\t\t<a data-elementor-open-lightbox=\"yes\" data-elementor-lightbox-slideshow=\"866fb7d\" data-elementor-lightbox-title=\"Fotoflash_A_Tango_Chicago_8582\" data-e-action-hash=\"#elementor-action%3Aaction%3Dlightbox%26settings%3DeyJpZCI6Mjg2LCJ1cmwiOiJodHRwczpcL1wvYmFsbGV0b3BlcmEuY29tXC93cC1jb250ZW50XC91cGxvYWRzXC8yMDIwXC8wN1wvRm90b2ZsYXNoX0FfVGFuZ29fQ2hpY2Fnb184NTgyLmpwZyIsInNsaWRlc2hvdyI6Ijg2NmZiN2QifQ%3D%3D\" href='https:\/\/balletopera.com\/wp-content\/uploads\/2020\/07\/Fotoflash_A_Tango_Chicago_8582.jpg'><img loading=\"lazy\" decoding=\"async\" width=\"477\" height=\"325\" src=\"https:\/\/balletopera.com\/wp-content\/uploads\/2020\/07\/Fotoflash_A_Tango_Chicago_8582.jpg\" class=\"attachment-large size-large\" alt=\"\" srcset=\"https:\/\/balletopera.com\/wp-content\/uploads\/2020\/07\/Fotoflash_A_Tango_Chicago_8582.jpg 477w, https:\/\/balletopera.com\/wp-content\/uploads\/2020\/07\/Fotoflash_A_Tango_Chicago_8582-300x204.jpg 300w\" sizes=\"(max-width: 477px) 100vw, 477px\" \/><\/a>\n\t\t\t<\/div><\/figure>\n\t\t<\/div>\n\t\t<\/div>\n\t\t\t\t\t\t<\/div>\n\t\t\t\t<\/div>\n\t\t\t\t\t<\/div>\n\t\t<\/div>\n\t\t\t\t\t<\/div>\n\t\t<\/section>\n\t\t\t\t<div class=\"elementor-element elementor-element-bc7c465 elementor-widget elementor-widget-video\" data-id=\"bc7c465\" data-element_type=\"widget\" data-e-type=\"widget\" data-settings=\"{&quot;youtube_url&quot;:&quot;https:\\\/\\\/www.youtube.com\\\/watch?v=f8or4PkjurQ&quot;,&quot;video_type&quot;:&quot;youtube&quot;,&quot;controls&quot;:&quot;yes&quot;}\" data-widget_type=\"video.default\">\n\t\t\t\t<div class=\"elementor-widget-container\">\n\t\t\t\t\t\t\t<div class=\"elementor-wrapper elementor-open-inline\">\n\t\t\t<div class=\"elementor-video\"><\/div>\t\t<\/div>\n\t\t\t\t\t\t<\/div>\n\t\t\t\t<\/div>\n\t\t\t\t\t<\/div>\n\t\t<\/div>\n\t\t\t\t\t<\/div>\n\t\t<\/section>\n\t\t\t\t<\/div>\n\t\t","protected":false},"excerpt":{"rendered":"<p>VIU EL MUSICAL \u00abVIU EL MUSICAL\u00bb &nbsp;es un espect\u00e1culo vivo, divertido para todos los p\u00fablicos, que hace un recorrido por los principales musicales de nuestra \u00e9poca con una cuidada puesta en escena.&nbsp; Sobre el escenario los &nbsp;bailarines consiguen una conexi\u00f3n total con el espectador haci\u00e9ndolos vibrar con todas las conocidas piezas interpretadas. Abba , Cats, &#8230; <a title=\"\u00abViu el musical\u00bb\" class=\"read-more\" href=\"https:\/\/balletopera.com\/index.php\/viu-el-musical\/\">Leer&#8230;<\/a><\/p>\n","protected":false},"author":1,"featured_media":0,"parent":0,"menu_order":0,"comment_status":"closed","ping_status":"closed","template":"","meta":{"_joinchat":[],"footnotes":""},"class_list":["post-33","page","type-page","status-publish"],"_links":{"self":[{"href":"https:\/\/balletopera.com\/index.php\/wp-json\/wp\/v2\/pages\/33","targetHints":{"allow":["GET"]}}],"collection":[{"href":"https:\/\/balletopera.com\/index.php\/wp-json\/wp\/v2\/pages"}],"about":[{"href":"https:\/\/balletopera.com\/index.php\/wp-json\/wp\/v2\/types\/page"}],"author":[{"embeddable":true,"href":"https:\/\/balletopera.com\/index.php\/wp-json\/wp\/v2\/users\/1"}],"replies":[{"embeddable":true,"href":"https:\/\/balletopera.com\/index.php\/wp-json\/wp\/v2\/comments?post=33"}],"version-history":[{"count":8,"href":"https:\/\/balletopera.com\/index.php\/wp-json\/wp\/v2\/pages\/33\/revisions"}],"predecessor-version":[{"id":1111,"href":"https:\/\/balletopera.com\/index.php\/wp-json\/wp\/v2\/pages\/33\/revisions\/1111"}],"wp:attachment":[{"href":"https:\/\/balletopera.com\/index.php\/wp-json\/wp\/v2\/media?parent=33"}],"curies":[{"name":"wp","href":"https:\/\/api.w.org\/{rel}","templated":true}]}}