{"id":1129,"date":"2020-08-18T12:08:10","date_gmt":"2020-08-18T10:08:10","guid":{"rendered":"https:\/\/wp.balletopera.com\/?page_id=1129"},"modified":"2021-03-09T21:22:21","modified_gmt":"2021-03-09T20:22:21","slug":"arrugas-homenaje-pachi-g-fenollar","status":"publish","type":"page","link":"https:\/\/balletopera.com\/index.php\/arrugas-homenaje-pachi-g-fenollar\/","title":{"rendered":"\u00abArrugas\u00bb"},"content":{"rendered":"\t\t<div data-elementor-type=\"wp-page\" data-elementor-id=\"1129\" class=\"elementor elementor-1129\">\n\t\t\t\t\t\t<section class=\"elementor-section elementor-top-section elementor-element elementor-element-cf1df7c elementor-section-boxed elementor-section-height-default elementor-section-height-default\" data-id=\"cf1df7c\" data-element_type=\"section\" data-e-type=\"section\">\n\t\t\t\t\t\t<div class=\"elementor-container elementor-column-gap-default\">\n\t\t\t\t\t<div class=\"elementor-column elementor-col-100 elementor-top-column elementor-element elementor-element-aaf2211\" data-id=\"aaf2211\" data-element_type=\"column\" data-e-type=\"column\">\n\t\t\t<div class=\"elementor-widget-wrap elementor-element-populated\">\n\t\t\t\t\t\t<div class=\"elementor-element elementor-element-3dc726b elementor-widget elementor-widget-heading\" data-id=\"3dc726b\" data-element_type=\"widget\" data-e-type=\"widget\" data-widget_type=\"heading.default\">\n\t\t\t\t<div class=\"elementor-widget-container\">\n\t\t\t\t\t<h2 class=\"elementor-heading-title elementor-size-default\">\"ARRUGAS\"<\/h2>\t\t\t\t<\/div>\n\t\t\t\t<\/div>\n\t\t\t\t\t<\/div>\n\t\t<\/div>\n\t\t\t\t\t<\/div>\n\t\t<\/section>\n\t\t\t\t<section class=\"elementor-section elementor-top-section elementor-element elementor-element-6e1e3ed elementor-section-boxed elementor-section-height-default elementor-section-height-default\" data-id=\"6e1e3ed\" data-element_type=\"section\" data-e-type=\"section\">\n\t\t\t\t\t\t<div class=\"elementor-container elementor-column-gap-default\">\n\t\t\t\t\t<div class=\"elementor-column elementor-col-100 elementor-top-column elementor-element elementor-element-db2ab6c\" data-id=\"db2ab6c\" data-element_type=\"column\" data-e-type=\"column\">\n\t\t\t<div class=\"elementor-widget-wrap elementor-element-populated\">\n\t\t\t\t\t\t<section class=\"elementor-section elementor-inner-section elementor-element elementor-element-b5b5a00 elementor-section-boxed elementor-section-height-default elementor-section-height-default\" data-id=\"b5b5a00\" data-element_type=\"section\" data-e-type=\"section\">\n\t\t\t\t\t\t<div class=\"elementor-container elementor-column-gap-default\">\n\t\t\t\t\t<div class=\"elementor-column elementor-col-50 elementor-inner-column elementor-element elementor-element-5c8ab46\" data-id=\"5c8ab46\" data-element_type=\"column\" data-e-type=\"column\">\n\t\t\t<div class=\"elementor-widget-wrap elementor-element-populated\">\n\t\t\t\t\t\t<div class=\"elementor-element elementor-element-3eb2dee elementor-widget elementor-widget-text-editor\" data-id=\"3eb2dee\" data-element_type=\"widget\" data-e-type=\"widget\" data-widget_type=\"text-editor.default\">\n\t\t\t\t<div class=\"elementor-widget-container\">\n\t\t\t\t\t\t\t\t\t<p>Espect\u00e1culo\u00a0 realizado por el core\u00f3grafo internacional Pachi G. Fenollar donde une\u00a0 diferentes montajes realizados a lo largo de toda su vida\u00a0 profesional.<\/p><p>Incansable core\u00f3grafo y pedagogo es profesor del Centro E. de Danza \u00d3pera desde el a\u00f1o 2008.<\/p>\t\t\t\t\t\t\t\t<\/div>\n\t\t\t\t<\/div>\n\t\t\t\t\t<\/div>\n\t\t<\/div>\n\t\t\t\t<div class=\"elementor-column elementor-col-50 elementor-inner-column elementor-element elementor-element-d54e2a7\" data-id=\"d54e2a7\" data-element_type=\"column\" data-e-type=\"column\">\n\t\t\t<div class=\"elementor-widget-wrap elementor-element-populated\">\n\t\t\t\t\t\t<div class=\"elementor-element elementor-element-b9fdbe0 elementor-widget elementor-widget-image-gallery\" data-id=\"b9fdbe0\" data-element_type=\"widget\" data-e-type=\"widget\" data-widget_type=\"image-gallery.default\">\n\t\t\t\t<div class=\"elementor-widget-container\">\n\t\t\t\t\t\t\t<div class=\"elementor-image-gallery\">\n\t\t\t<div id='gallery-1' class='gallery galleryid-1129 gallery-columns-2 gallery-size-large'><figure class='gallery-item'>\n\t\t\t<div class='gallery-icon landscape'>\n\t\t\t\t<a data-elementor-open-lightbox=\"yes\" data-elementor-lightbox-slideshow=\"b9fdbe0\" data-elementor-lightbox-title=\"fotos-web-3\" data-e-action-hash=\"#elementor-action%3Aaction%3Dlightbox%26settings%3DeyJpZCI6MTEzNSwidXJsIjoiaHR0cHM6XC9cL2JhbGxldG9wZXJhLmNvbVwvd3AtY29udGVudFwvdXBsb2Fkc1wvMjAyMFwvMDhcL2ZvdG9zLXdlYi0zLmpwZyIsInNsaWRlc2hvdyI6ImI5ZmRiZTAifQ%3D%3D\" href='https:\/\/balletopera.com\/wp-content\/uploads\/2020\/08\/fotos-web-3.jpg'><img fetchpriority=\"high\" decoding=\"async\" width=\"960\" height=\"661\" src=\"https:\/\/balletopera.com\/wp-content\/uploads\/2020\/08\/fotos-web-3.jpg\" class=\"attachment-large size-large\" alt=\"\" srcset=\"https:\/\/balletopera.com\/wp-content\/uploads\/2020\/08\/fotos-web-3.jpg 960w, https:\/\/balletopera.com\/wp-content\/uploads\/2020\/08\/fotos-web-3-300x207.jpg 300w, https:\/\/balletopera.com\/wp-content\/uploads\/2020\/08\/fotos-web-3-768x529.jpg 768w\" sizes=\"(max-width: 960px) 100vw, 960px\" \/><\/a>\n\t\t\t<\/div><\/figure><figure class='gallery-item'>\n\t\t\t<div class='gallery-icon landscape'>\n\t\t\t\t<a data-elementor-open-lightbox=\"yes\" data-elementor-lightbox-slideshow=\"b9fdbe0\" data-elementor-lightbox-title=\"fotos-web2\" data-e-action-hash=\"#elementor-action%3Aaction%3Dlightbox%26settings%3DeyJpZCI6MTEzNiwidXJsIjoiaHR0cHM6XC9cL2JhbGxldG9wZXJhLmNvbVwvd3AtY29udGVudFwvdXBsb2Fkc1wvMjAyMFwvMDhcL2ZvdG9zLXdlYjIuanBnIiwic2xpZGVzaG93IjoiYjlmZGJlMCJ9\" href='https:\/\/balletopera.com\/wp-content\/uploads\/2020\/08\/fotos-web2.jpg'><img decoding=\"async\" width=\"960\" height=\"661\" src=\"https:\/\/balletopera.com\/wp-content\/uploads\/2020\/08\/fotos-web2.jpg\" class=\"attachment-large size-large\" alt=\"\" srcset=\"https:\/\/balletopera.com\/wp-content\/uploads\/2020\/08\/fotos-web2.jpg 960w, https:\/\/balletopera.com\/wp-content\/uploads\/2020\/08\/fotos-web2-300x207.jpg 300w, https:\/\/balletopera.com\/wp-content\/uploads\/2020\/08\/fotos-web2-768x529.jpg 768w\" sizes=\"(max-width: 960px) 100vw, 960px\" \/><\/a>\n\t\t\t<\/div><\/figure><figure class='gallery-item'>\n\t\t\t<div class='gallery-icon landscape'>\n\t\t\t\t<a data-elementor-open-lightbox=\"yes\" data-elementor-lightbox-slideshow=\"b9fdbe0\" data-elementor-lightbox-title=\"fotos-web-1\" data-e-action-hash=\"#elementor-action%3Aaction%3Dlightbox%26settings%3DeyJpZCI6MTEzNCwidXJsIjoiaHR0cHM6XC9cL2JhbGxldG9wZXJhLmNvbVwvd3AtY29udGVudFwvdXBsb2Fkc1wvMjAyMFwvMDhcL2ZvdG9zLXdlYi0xLmpwZyIsInNsaWRlc2hvdyI6ImI5ZmRiZTAifQ%3D%3D\" href='https:\/\/balletopera.com\/wp-content\/uploads\/2020\/08\/fotos-web-1.jpg'><img decoding=\"async\" width=\"960\" height=\"661\" src=\"https:\/\/balletopera.com\/wp-content\/uploads\/2020\/08\/fotos-web-1.jpg\" class=\"attachment-large size-large\" alt=\"\" srcset=\"https:\/\/balletopera.com\/wp-content\/uploads\/2020\/08\/fotos-web-1.jpg 960w, https:\/\/balletopera.com\/wp-content\/uploads\/2020\/08\/fotos-web-1-300x207.jpg 300w, https:\/\/balletopera.com\/wp-content\/uploads\/2020\/08\/fotos-web-1-768x529.jpg 768w\" sizes=\"(max-width: 960px) 100vw, 960px\" \/><\/a>\n\t\t\t<\/div><\/figure><figure class='gallery-item'>\n\t\t\t<div class='gallery-icon landscape'>\n\t\t\t\t<a data-elementor-open-lightbox=\"yes\" data-elementor-lightbox-slideshow=\"b9fdbe0\" data-elementor-lightbox-title=\"arrugas-1\" data-e-action-hash=\"#elementor-action%3Aaction%3Dlightbox%26settings%3DeyJpZCI6MTEzMywidXJsIjoiaHR0cHM6XC9cL2JhbGxldG9wZXJhLmNvbVwvd3AtY29udGVudFwvdXBsb2Fkc1wvMjAyMFwvMDhcL2FycnVnYXMtMS5qcGciLCJzbGlkZXNob3ciOiJiOWZkYmUwIn0%3D\" href='https:\/\/balletopera.com\/wp-content\/uploads\/2020\/08\/arrugas-1.jpg'><img loading=\"lazy\" decoding=\"async\" width=\"960\" height=\"661\" src=\"https:\/\/balletopera.com\/wp-content\/uploads\/2020\/08\/arrugas-1.jpg\" class=\"attachment-large size-large\" alt=\"\" srcset=\"https:\/\/balletopera.com\/wp-content\/uploads\/2020\/08\/arrugas-1.jpg 960w, https:\/\/balletopera.com\/wp-content\/uploads\/2020\/08\/arrugas-1-300x207.jpg 300w, https:\/\/balletopera.com\/wp-content\/uploads\/2020\/08\/arrugas-1-768x529.jpg 768w\" sizes=\"(max-width: 960px) 100vw, 960px\" \/><\/a>\n\t\t\t<\/div><\/figure>\n\t\t<\/div>\n\t\t<\/div>\n\t\t\t\t\t\t<\/div>\n\t\t\t\t<\/div>\n\t\t\t\t\t<\/div>\n\t\t<\/div>\n\t\t\t\t\t<\/div>\n\t\t<\/section>\n\t\t\t\t<div class=\"elementor-element elementor-element-c1ec15f elementor-widget elementor-widget-video\" data-id=\"c1ec15f\" data-element_type=\"widget\" data-e-type=\"widget\" data-settings=\"{&quot;youtube_url&quot;:&quot;https:\\\/\\\/www.youtube.com\\\/watch?v=M0IjIeI818k&quot;,&quot;video_type&quot;:&quot;youtube&quot;,&quot;controls&quot;:&quot;yes&quot;}\" data-widget_type=\"video.default\">\n\t\t\t\t<div class=\"elementor-widget-container\">\n\t\t\t\t\t\t\t<div class=\"elementor-wrapper elementor-open-inline\">\n\t\t\t<div class=\"elementor-video\"><\/div>\t\t<\/div>\n\t\t\t\t\t\t<\/div>\n\t\t\t\t<\/div>\n\t\t\t\t\t<\/div>\n\t\t<\/div>\n\t\t\t\t\t<\/div>\n\t\t<\/section>\n\t\t\t\t<\/div>\n\t\t","protected":false},"excerpt":{"rendered":"<p>\u00abARRUGAS\u00bb Espect\u00e1culo\u00a0 realizado por el core\u00f3grafo internacional Pachi G. Fenollar donde une\u00a0 diferentes montajes realizados a lo largo de toda su vida\u00a0 profesional. Incansable core\u00f3grafo y pedagogo es profesor del Centro E. de Danza \u00d3pera desde el a\u00f1o 2008.<\/p>\n","protected":false},"author":2,"featured_media":0,"parent":0,"menu_order":0,"comment_status":"closed","ping_status":"closed","template":"","meta":{"_joinchat":[],"footnotes":""},"class_list":["post-1129","page","type-page","status-publish"],"_links":{"self":[{"href":"https:\/\/balletopera.com\/index.php\/wp-json\/wp\/v2\/pages\/1129","targetHints":{"allow":["GET"]}}],"collection":[{"href":"https:\/\/balletopera.com\/index.php\/wp-json\/wp\/v2\/pages"}],"about":[{"href":"https:\/\/balletopera.com\/index.php\/wp-json\/wp\/v2\/types\/page"}],"author":[{"embeddable":true,"href":"https:\/\/balletopera.com\/index.php\/wp-json\/wp\/v2\/users\/2"}],"replies":[{"embeddable":true,"href":"https:\/\/balletopera.com\/index.php\/wp-json\/wp\/v2\/comments?post=1129"}],"version-history":[{"count":10,"href":"https:\/\/balletopera.com\/index.php\/wp-json\/wp\/v2\/pages\/1129\/revisions"}],"predecessor-version":[{"id":2998,"href":"https:\/\/balletopera.com\/index.php\/wp-json\/wp\/v2\/pages\/1129\/revisions\/2998"}],"wp:attachment":[{"href":"https:\/\/balletopera.com\/index.php\/wp-json\/wp\/v2\/media?parent=1129"}],"curies":[{"name":"wp","href":"https:\/\/api.w.org\/{rel}","templated":true}]}}